{"id":412,"date":"2024-03-26T15:34:18","date_gmt":"2024-03-26T14:34:18","guid":{"rendered":"https:\/\/kreditdaneben.com\/?page_id=412"},"modified":"2025-04-20T21:43:40","modified_gmt":"2025-04-20T19:43:40","slug":"a-propos","status":"publish","type":"page","link":"https:\/\/kreditdaneben.com\/index.php\/a-propos\/","title":{"rendered":"a-propos"},"content":{"rendered":"\t\t<div data-elementor-type=\"wp-page\" data-elementor-id=\"412\" class=\"elementor elementor-412\" data-elementor-post-type=\"page\">\n\t\t\t\t<div class=\"elementor-element elementor-element-28c23e8 e-flex e-con-boxed e-con e-parent\" data-id=\"28c23e8\" data-element_type=\"container\" data-settings=\"{&quot;background_background&quot;:&quot;classic&quot;}\" data-core-v316-plus=\"true\">\n\t\t\t\t\t<div class=\"e-con-inner\">\n\t\t\t\t<div class=\"elementor-element elementor-element-08bfbd2 elementor-widget elementor-widget-heading\" data-id=\"08bfbd2\" data-element_type=\"widget\" data-widget_type=\"heading.default\">\n\t\t\t\t<div class=\"elementor-widget-container\">\n\t\t\t<style>\/*! elementor - v3.20.0 - 20-03-2024 *\/\n.elementor-heading-title{padding:0;margin:0;line-height:1}.elementor-widget-heading .elementor-heading-title[class*=elementor-size-]>a{color:inherit;font-size:inherit;line-height:inherit}.elementor-widget-heading .elementor-heading-title.elementor-size-small{font-size:15px}.elementor-widget-heading .elementor-heading-title.elementor-size-medium{font-size:19px}.elementor-widget-heading .elementor-heading-title.elementor-size-large{font-size:29px}.elementor-widget-heading .elementor-heading-title.elementor-size-xl{font-size:39px}.elementor-widget-heading .elementor-heading-title.elementor-size-xxl{font-size:59px}<\/style><h2 class=\"elementor-heading-title elementor-size-default\">A propos de nous<\/h2>\t\t<\/div>\n\t\t\t\t<\/div>\n\t\t\t\t\t<\/div>\n\t\t\t\t<\/div>\n\t\t<div class=\"elementor-element elementor-element-b1c67fa e-flex e-con-boxed e-con e-parent\" data-id=\"b1c67fa\" data-element_type=\"container\" data-core-v316-plus=\"true\">\n\t\t\t\t\t<div class=\"e-con-inner\">\n\t\t\t\t<div class=\"elementor-element elementor-element-e0f43fe elementor-widget elementor-widget-heading\" data-id=\"e0f43fe\" data-element_type=\"widget\" data-widget_type=\"heading.default\">\n\t\t\t\t<div class=\"elementor-widget-container\">\n\t\t\t<h2 class=\"elementor-heading-title elementor-size-default\">30 ans ensemble<\/h2>\t\t<\/div>\n\t\t\t\t<\/div>\n\t\t\t\t\t<\/div>\n\t\t\t\t<\/div>\n\t\t<div class=\"elementor-element elementor-element-cf878a9 e-flex e-con-boxed e-con e-parent\" data-id=\"cf878a9\" data-element_type=\"container\" data-core-v316-plus=\"true\">\n\t\t\t\t\t<div class=\"e-con-inner\">\n\t\t<div class=\"elementor-element elementor-element-ff4cc2c e-con-full e-flex e-con e-child\" data-id=\"ff4cc2c\" data-element_type=\"container\">\n\t\t\t\t<div class=\"elementor-element elementor-element-de359dc elementor-widget elementor-widget-image\" data-id=\"de359dc\" data-element_type=\"widget\" data-widget_type=\"image.default\">\n\t\t\t\t<div class=\"elementor-widget-container\">\n\t\t\t<style>\/*! elementor - v3.20.0 - 20-03-2024 *\/\n.elementor-widget-image{text-align:center}.elementor-widget-image a{display:inline-block}.elementor-widget-image a img[src$=\".svg\"]{width:48px}.elementor-widget-image img{vertical-align:middle;display:inline-block}<\/style>\t\t\t\t\t\t\t\t\t\t<img fetchpriority=\"high\" decoding=\"async\" width=\"800\" height=\"534\" src=\"https:\/\/kreditdaneben.com\/wp-content\/uploads\/2024\/03\/krakenimages-376KN_ISplE-unsplash-1024x683.jpg\" class=\"attachment-large size-large wp-image-58\" alt=\"\" srcset=\"https:\/\/kreditdaneben.com\/wp-content\/uploads\/2024\/03\/krakenimages-376KN_ISplE-unsplash-1024x683.jpg 1024w, https:\/\/kreditdaneben.com\/wp-content\/uploads\/2024\/03\/krakenimages-376KN_ISplE-unsplash-300x200.jpg 300w, https:\/\/kreditdaneben.com\/wp-content\/uploads\/2024\/03\/krakenimages-376KN_ISplE-unsplash-768x512.jpg 768w, https:\/\/kreditdaneben.com\/wp-content\/uploads\/2024\/03\/krakenimages-376KN_ISplE-unsplash-1536x1024.jpg 1536w, https:\/\/kreditdaneben.com\/wp-content\/uploads\/2024\/03\/krakenimages-376KN_ISplE-unsplash-2048x1365.jpg 2048w\" sizes=\"(max-width: 800px) 100vw, 800px\" \/>\t\t\t\t\t\t\t\t\t\t\t\t\t<\/div>\n\t\t\t\t<\/div>\n\t\t\t\t<\/div>\n\t\t<div class=\"elementor-element elementor-element-5b6552d e-con-full e-flex e-con e-child\" data-id=\"5b6552d\" data-element_type=\"container\">\n\t\t\t\t<div class=\"elementor-element elementor-element-8143566 elementor-widget elementor-widget-heading\" data-id=\"8143566\" data-element_type=\"widget\" data-widget_type=\"heading.default\">\n\t\t\t\t<div class=\"elementor-widget-container\">\n\t\t\t<h2 class=\"elementor-heading-title elementor-size-default\">DANEBEN KREDIT, le partenaire de tous vos projets<\/h2>\t\t<\/div>\n\t\t\t\t<\/div>\n\t\t\t\t<div class=\"elementor-element elementor-element-00695e4 elementor-widget elementor-widget-text-editor\" data-id=\"00695e4\" data-element_type=\"widget\" data-widget_type=\"text-editor.default\">\n\t\t\t\t<div class=\"elementor-widget-container\">\n\t\t\t<style>\/*! elementor - v3.20.0 - 20-03-2024 *\/\n.elementor-widget-text-editor.elementor-drop-cap-view-stacked .elementor-drop-cap{background-color:#69727d;color:#fff}.elementor-widget-text-editor.elementor-drop-cap-view-framed .elementor-drop-cap{color:#69727d;border:3px solid;background-color:transparent}.elementor-widget-text-editor:not(.elementor-drop-cap-view-default) .elementor-drop-cap{margin-top:8px}.elementor-widget-text-editor:not(.elementor-drop-cap-view-default) .elementor-drop-cap-letter{width:1em;height:1em}.elementor-widget-text-editor .elementor-drop-cap{float:left;text-align:center;line-height:1;font-size:50px}.elementor-widget-text-editor .elementor-drop-cap-letter{display:inline-block}<\/style>\t\t\t\t<p>DANEBEN KREDIT, organisme sp\u00e9cialis\u00e9 dans l&rsquo;octroi de cr\u00e9dit personnel. Nous vous proposons une gamme de pr\u00eats \u00e0 taux attractifs pour vous aider \u00e0 financer tous vos projets : travaux, d\u00e9co, auto ou perso. \u00catre une entreprise partenaire, c\u2019est accompagner ses clients dans chaque moment de leur vie et leur offrir la plus grande qualit\u00e9. C\u2019est garantir des r\u00e9ponses claires et rapides \u00e0 chaque demande. C\u2019est avoir une \u00e9quipe de v\u00e9ritables sp\u00e9cialistes du cr\u00e9dit, form\u00e9s en permanence. Etre une entreprise de cr\u00e9dit responsable, c\u2019est aussi accepter les contr\u00f4les les plus stricts. DANEBEN KREDIT s\u2019y engage.<\/p>\t\t\t\t\t\t<\/div>\n\t\t\t\t<\/div>\n\t\t\t\t<div class=\"elementor-element elementor-element-d2e185c elementor-mobile-align-center elementor-widget elementor-widget-button\" data-id=\"d2e185c\" data-element_type=\"widget\" data-widget_type=\"button.default\">\n\t\t\t\t<div class=\"elementor-widget-container\">\n\t\t\t\t\t<div class=\"elementor-button-wrapper\">\n\t\t\t<a class=\"elementor-button elementor-button-link elementor-size-sm\" href=\"https:\/\/kreditdaneben.com\/index.php\/demander-un-credit\/\">\n\t\t\t\t\t\t<span class=\"elementor-button-content-wrapper\">\n\t\t\t\t\t\t<span class=\"elementor-button-text\">Demander un cr\u00e9dit<\/span>\n\t\t<\/span>\n\t\t\t\t\t<\/a>\n\t\t<\/div>\n\t\t\t\t<\/div>\n\t\t\t\t<\/div>\n\t\t\t\t<\/div>\n\t\t\t\t\t<\/div>\n\t\t\t\t<\/div>\n\t\t<div class=\"elementor-element elementor-element-fd68ad6 e-flex e-con-boxed e-con e-parent\" data-id=\"fd68ad6\" data-element_type=\"container\" data-core-v316-plus=\"true\">\n\t\t\t\t\t<div class=\"e-con-inner\">\n\t\t\t\t<div class=\"elementor-element elementor-element-a3940df elementor-widget elementor-widget-heading\" data-id=\"a3940df\" data-element_type=\"widget\" data-widget_type=\"heading.default\">\n\t\t\t\t<div class=\"elementor-widget-container\">\n\t\t\t<h2 class=\"elementor-heading-title elementor-size-default\">DANEBEN KREDIT s\u2019engage \u00e0 vos c\u00f4t\u00e9s<\/h2>\t\t<\/div>\n\t\t\t\t<\/div>\n\t\t<div class=\"elementor-element elementor-element-05fa2d4 e-grid e-con-boxed e-con e-child\" data-id=\"05fa2d4\" data-element_type=\"container\">\n\t\t\t\t\t<div class=\"e-con-inner\">\n\t\t\t\t<div class=\"elementor-element elementor-element-50fd445 elementor-widget elementor-widget-heading\" data-id=\"50fd445\" data-element_type=\"widget\" data-widget_type=\"heading.default\">\n\t\t\t\t<div class=\"elementor-widget-container\">\n\t\t\t<p class=\"elementor-heading-title elementor-size-default\">Nous vous conseillons pour r\u00e9pondre instantan\u00e9ment \u00e0 vos besoins de financement et trouver des solutions pour chaque moment de la vie : <br><br>\n\nConcr\u00e9tiser rapidement un achat indispensable<br><br>\nChoisir un produit de gamme sup\u00e9rieure<br><br>\nCombiner plusieurs achats sans attendre\nFaire face \u00e0 un impr\u00e9vu<\/p>\t\t<\/div>\n\t\t\t\t<\/div>\n\t\t\t\t<div class=\"elementor-element elementor-element-a060b73 elementor-widget elementor-widget-heading\" data-id=\"a060b73\" data-element_type=\"widget\" data-widget_type=\"heading.default\">\n\t\t\t\t<div class=\"elementor-widget-container\">\n\t\t\t<p class=\"elementor-heading-title elementor-size-default\">Vous b\u00e9n\u00e9ficiez \u00e9galement d\u2019un suivi personnalis\u00e9 et quotidien et nos conseillers peuvent \u00e0 tout moment faire un bilan de votre situation pour am\u00e9nager et adapter vos cr\u00e9dits :<br><br>\n\nAcc\u00e9l\u00e9rer ou faire une pause dans les remboursements<br><br>\nR\u00e9\u00e9chelonner les mensualit\u00e9s<br><br>\nRegrouper plusieurs cr\u00e9dits.<\/p>\t\t<\/div>\n\t\t\t\t<\/div>\n\t\t\t\t<div class=\"elementor-element elementor-element-1622834 elementor-widget elementor-widget-heading\" data-id=\"1622834\" data-element_type=\"widget\" data-widget_type=\"heading.default\">\n\t\t\t\t<div class=\"elementor-widget-container\">\n\t\t\t<p class=\"elementor-heading-title elementor-size-default\">La qualit\u00e9 de service est notre priorit\u00e9 num\u00e9ro 1 et nos conseillers apportent un soin particulier \u00e0 chaque demande :<br><br>\n\nNous nous engageons \u00e0 toujours r\u00e9pondre \u00e0 la demande du client.<br><br>\nNous nous engageons \u00e0 apporter des r\u00e9ponses claires et pr\u00e9cises.<br><br>\nNous nous engageons \u00e0 garantir la comp\u00e9tence de chaque conseiller.<\/p>\t\t<\/div>\n\t\t\t\t<\/div>\n\t\t\t\t<div class=\"elementor-element elementor-element-530c40e elementor-widget elementor-widget-heading\" data-id=\"530c40e\" data-element_type=\"widget\" data-widget_type=\"heading.default\">\n\t\t\t\t<div class=\"elementor-widget-container\">\n\t\t\t<p class=\"elementor-heading-title elementor-size-default\">Nos engagements\npour un cr\u00e9dit r\u00e9ussi<br><br>\n\nUne r\u00e9ponse\nde principe imm\u00e9diate<br><br>\n\nDes conseillers \u00e0 votre \u00e9coute<br><br>\n\nDes guides et outils pour vous aider<\/p>\t\t<\/div>\n\t\t\t\t<\/div>\n\t\t\t\t\t<\/div>\n\t\t\t\t<\/div>\n\t\t\t\t\t<\/div>\n\t\t\t\t<\/div>\n\t\t\t\t<\/div>\n\t\t","protected":false},"excerpt":{"rendered":"<p>A propos de nous 30 ans ensemble DANEBEN KREDIT, le partenaire de tous vos projets DANEBEN KREDIT, organisme sp\u00e9cialis\u00e9 dans l&rsquo;octroi de cr\u00e9dit personnel. Nous vous proposons une gamme de pr\u00eats \u00e0 taux attractifs pour vous aider \u00e0 financer tous vos projets : travaux, d\u00e9co, auto ou perso. \u00catre une entreprise partenaire, c\u2019est accompagner ses [&hellip;]<\/p>\n","protected":false},"author":1,"featured_media":0,"parent":0,"menu_order":0,"comment_status":"closed","ping_status":"closed","template":"elementor_header_footer","meta":{"footnotes":""},"class_list":["post-412","page","type-page","status-publish","hentry"],"yoast_head":"<!-- This site is optimized with the Yoast SEO plugin v24.0 - https:\/\/yoast.com\/wordpress\/plugins\/seo\/ -->\n<title>a-propos - DANEBEN KREDIT<\/title>\n<meta name=\"robots\" content=\"index, follow, max-snippet:-1, max-image-preview:large, max-video-preview:-1\" \/>\n<link rel=\"canonical\" href=\"https:\/\/kreditdaneben.com\/index.php\/a-propos\/\" \/>\n<meta property=\"og:locale\" content=\"fr_FR\" \/>\n<meta property=\"og:type\" content=\"article\" \/>\n<meta property=\"og:title\" content=\"a-propos - DANEBEN KREDIT\" \/>\n<meta property=\"og:description\" content=\"A propos de nous 30 ans ensemble DANEBEN KREDIT, le partenaire de tous vos projets DANEBEN KREDIT, organisme sp\u00e9cialis\u00e9 dans l&rsquo;octroi de cr\u00e9dit personnel. Nous vous proposons une gamme de pr\u00eats \u00e0 taux attractifs pour vous aider \u00e0 financer tous vos projets : travaux, d\u00e9co, auto ou perso. \u00catre une entreprise partenaire, c\u2019est accompagner ses [&hellip;]\" \/>\n<meta property=\"og:url\" content=\"https:\/\/kreditdaneben.com\/index.php\/a-propos\/\" \/>\n<meta property=\"og:site_name\" content=\"DANEBEN KREDIT\" \/>\n<meta property=\"article:modified_time\" content=\"2025-04-20T19:43:40+00:00\" \/>\n<meta property=\"og:image\" content=\"https:\/\/kreditdaneben.com\/wp-content\/uploads\/2024\/03\/krakenimages-376KN_ISplE-unsplash-scaled.jpg\" \/>\n\t<meta property=\"og:image:width\" content=\"2560\" \/>\n\t<meta property=\"og:image:height\" content=\"1707\" \/>\n\t<meta property=\"og:image:type\" content=\"image\/jpeg\" \/>\n<meta name=\"twitter:card\" content=\"summary_large_image\" \/>\n<meta name=\"twitter:label1\" content=\"Dur\u00e9e de lecture estim\u00e9e\" \/>\n\t<meta name=\"twitter:data1\" content=\"2 minutes\" \/>\n<script type=\"application\/ld+json\" class=\"yoast-schema-graph\">{\"@context\":\"https:\/\/schema.org\",\"@graph\":[{\"@type\":\"WebPage\",\"@id\":\"https:\/\/kreditdaneben.com\/index.php\/a-propos\/\",\"url\":\"https:\/\/kreditdaneben.com\/index.php\/a-propos\/\",\"name\":\"a-propos - DANEBEN KREDIT\",\"isPartOf\":{\"@id\":\"https:\/\/kreditdaneben.com\/#website\"},\"primaryImageOfPage\":{\"@id\":\"https:\/\/kreditdaneben.com\/index.php\/a-propos\/#primaryimage\"},\"image\":{\"@id\":\"https:\/\/kreditdaneben.com\/index.php\/a-propos\/#primaryimage\"},\"thumbnailUrl\":\"https:\/\/kreditdaneben.com\/wp-content\/uploads\/2024\/03\/krakenimages-376KN_ISplE-unsplash-1024x683.jpg\",\"datePublished\":\"2024-03-26T14:34:18+00:00\",\"dateModified\":\"2025-04-20T19:43:40+00:00\",\"breadcrumb\":{\"@id\":\"https:\/\/kreditdaneben.com\/index.php\/a-propos\/#breadcrumb\"},\"inLanguage\":\"fr-FR\",\"potentialAction\":[{\"@type\":\"ReadAction\",\"target\":[\"https:\/\/kreditdaneben.com\/index.php\/a-propos\/\"]}]},{\"@type\":\"ImageObject\",\"inLanguage\":\"fr-FR\",\"@id\":\"https:\/\/kreditdaneben.com\/index.php\/a-propos\/#primaryimage\",\"url\":\"https:\/\/kreditdaneben.com\/wp-content\/uploads\/2024\/03\/krakenimages-376KN_ISplE-unsplash-scaled.jpg\",\"contentUrl\":\"https:\/\/kreditdaneben.com\/wp-content\/uploads\/2024\/03\/krakenimages-376KN_ISplE-unsplash-scaled.jpg\",\"width\":2560,\"height\":1707},{\"@type\":\"BreadcrumbList\",\"@id\":\"https:\/\/kreditdaneben.com\/index.php\/a-propos\/#breadcrumb\",\"itemListElement\":[{\"@type\":\"ListItem\",\"position\":1,\"name\":\"Accueil\",\"item\":\"https:\/\/kreditdaneben.com\/\"},{\"@type\":\"ListItem\",\"position\":2,\"name\":\"a-propos\"}]},{\"@type\":\"WebSite\",\"@id\":\"https:\/\/kreditdaneben.com\/#website\",\"url\":\"https:\/\/kreditdaneben.com\/\",\"name\":\"Crevits Financer\",\"description\":\"Le cr\u00e9dit qu&#039;il vous faut\",\"publisher\":{\"@id\":\"https:\/\/kreditdaneben.com\/#organization\"},\"potentialAction\":[{\"@type\":\"SearchAction\",\"target\":{\"@type\":\"EntryPoint\",\"urlTemplate\":\"https:\/\/kreditdaneben.com\/?s={search_term_string}\"},\"query-input\":{\"@type\":\"PropertyValueSpecification\",\"valueRequired\":true,\"valueName\":\"search_term_string\"}}],\"inLanguage\":\"fr-FR\"},{\"@type\":\"Organization\",\"@id\":\"https:\/\/kreditdaneben.com\/#organization\",\"name\":\"Crevits Financer\",\"url\":\"https:\/\/kreditdaneben.com\/\",\"logo\":{\"@type\":\"ImageObject\",\"inLanguage\":\"fr-FR\",\"@id\":\"https:\/\/kreditdaneben.com\/#\/schema\/logo\/image\/\",\"url\":\"https:\/\/kreditdaneben.com\/wp-content\/uploads\/2024\/03\/cropped-logo-daneben.jpg\",\"contentUrl\":\"https:\/\/kreditdaneben.com\/wp-content\/uploads\/2024\/03\/cropped-logo-daneben.jpg\",\"width\":512,\"height\":146,\"caption\":\"Crevits Financer\"},\"image\":{\"@id\":\"https:\/\/kreditdaneben.com\/#\/schema\/logo\/image\/\"}}]}<\/script>\n<!-- \/ Yoast SEO plugin. -->","yoast_head_json":{"title":"a-propos - DANEBEN KREDIT","robots":{"index":"index","follow":"follow","max-snippet":"max-snippet:-1","max-image-preview":"max-image-preview:large","max-video-preview":"max-video-preview:-1"},"canonical":"https:\/\/kreditdaneben.com\/index.php\/a-propos\/","og_locale":"fr_FR","og_type":"article","og_title":"a-propos - DANEBEN KREDIT","og_description":"A propos de nous 30 ans ensemble DANEBEN KREDIT, le partenaire de tous vos projets DANEBEN KREDIT, organisme sp\u00e9cialis\u00e9 dans l&rsquo;octroi de cr\u00e9dit personnel. Nous vous proposons une gamme de pr\u00eats \u00e0 taux attractifs pour vous aider \u00e0 financer tous vos projets : travaux, d\u00e9co, auto ou perso. \u00catre une entreprise partenaire, c\u2019est accompagner ses [&hellip;]","og_url":"https:\/\/kreditdaneben.com\/index.php\/a-propos\/","og_site_name":"DANEBEN KREDIT","article_modified_time":"2025-04-20T19:43:40+00:00","og_image":[{"width":2560,"height":1707,"url":"https:\/\/kreditdaneben.com\/wp-content\/uploads\/2024\/03\/krakenimages-376KN_ISplE-unsplash-scaled.jpg","type":"image\/jpeg"}],"twitter_card":"summary_large_image","twitter_misc":{"Dur\u00e9e de lecture estim\u00e9e":"2 minutes"},"schema":{"@context":"https:\/\/schema.org","@graph":[{"@type":"WebPage","@id":"https:\/\/kreditdaneben.com\/index.php\/a-propos\/","url":"https:\/\/kreditdaneben.com\/index.php\/a-propos\/","name":"a-propos - DANEBEN KREDIT","isPartOf":{"@id":"https:\/\/kreditdaneben.com\/#website"},"primaryImageOfPage":{"@id":"https:\/\/kreditdaneben.com\/index.php\/a-propos\/#primaryimage"},"image":{"@id":"https:\/\/kreditdaneben.com\/index.php\/a-propos\/#primaryimage"},"thumbnailUrl":"https:\/\/kreditdaneben.com\/wp-content\/uploads\/2024\/03\/krakenimages-376KN_ISplE-unsplash-1024x683.jpg","datePublished":"2024-03-26T14:34:18+00:00","dateModified":"2025-04-20T19:43:40+00:00","breadcrumb":{"@id":"https:\/\/kreditdaneben.com\/index.php\/a-propos\/#breadcrumb"},"inLanguage":"fr-FR","potentialAction":[{"@type":"ReadAction","target":["https:\/\/kreditdaneben.com\/index.php\/a-propos\/"]}]},{"@type":"ImageObject","inLanguage":"fr-FR","@id":"https:\/\/kreditdaneben.com\/index.php\/a-propos\/#primaryimage","url":"https:\/\/kreditdaneben.com\/wp-content\/uploads\/2024\/03\/krakenimages-376KN_ISplE-unsplash-scaled.jpg","contentUrl":"https:\/\/kreditdaneben.com\/wp-content\/uploads\/2024\/03\/krakenimages-376KN_ISplE-unsplash-scaled.jpg","width":2560,"height":1707},{"@type":"BreadcrumbList","@id":"https:\/\/kreditdaneben.com\/index.php\/a-propos\/#breadcrumb","itemListElement":[{"@type":"ListItem","position":1,"name":"Accueil","item":"https:\/\/kreditdaneben.com\/"},{"@type":"ListItem","position":2,"name":"a-propos"}]},{"@type":"WebSite","@id":"https:\/\/kreditdaneben.com\/#website","url":"https:\/\/kreditdaneben.com\/","name":"Crevits Financer","description":"Le cr\u00e9dit qu&#039;il vous faut","publisher":{"@id":"https:\/\/kreditdaneben.com\/#organization"},"potentialAction":[{"@type":"SearchAction","target":{"@type":"EntryPoint","urlTemplate":"https:\/\/kreditdaneben.com\/?s={search_term_string}"},"query-input":{"@type":"PropertyValueSpecification","valueRequired":true,"valueName":"search_term_string"}}],"inLanguage":"fr-FR"},{"@type":"Organization","@id":"https:\/\/kreditdaneben.com\/#organization","name":"Crevits Financer","url":"https:\/\/kreditdaneben.com\/","logo":{"@type":"ImageObject","inLanguage":"fr-FR","@id":"https:\/\/kreditdaneben.com\/#\/schema\/logo\/image\/","url":"https:\/\/kreditdaneben.com\/wp-content\/uploads\/2024\/03\/cropped-logo-daneben.jpg","contentUrl":"https:\/\/kreditdaneben.com\/wp-content\/uploads\/2024\/03\/cropped-logo-daneben.jpg","width":512,"height":146,"caption":"Crevits Financer"},"image":{"@id":"https:\/\/kreditdaneben.com\/#\/schema\/logo\/image\/"}}]}},"_links":{"self":[{"href":"https:\/\/kreditdaneben.com\/index.php\/wp-json\/wp\/v2\/pages\/412","targetHints":{"allow":["GET"]}}],"collection":[{"href":"https:\/\/kreditdaneben.com\/index.php\/wp-json\/wp\/v2\/pages"}],"about":[{"href":"https:\/\/kreditdaneben.com\/index.php\/wp-json\/wp\/v2\/types\/page"}],"author":[{"embeddable":true,"href":"https:\/\/kreditdaneben.com\/index.php\/wp-json\/wp\/v2\/users\/1"}],"replies":[{"embeddable":true,"href":"https:\/\/kreditdaneben.com\/index.php\/wp-json\/wp\/v2\/comments?post=412"}],"version-history":[{"count":100,"href":"https:\/\/kreditdaneben.com\/index.php\/wp-json\/wp\/v2\/pages\/412\/revisions"}],"predecessor-version":[{"id":1307,"href":"https:\/\/kreditdaneben.com\/index.php\/wp-json\/wp\/v2\/pages\/412\/revisions\/1307"}],"wp:attachment":[{"href":"https:\/\/kreditdaneben.com\/index.php\/wp-json\/wp\/v2\/media?parent=412"}],"curies":[{"name":"wp","href":"https:\/\/api.w.org\/{rel}","templated":true}]}}