{"id":139,"date":"2024-03-22T14:08:52","date_gmt":"2024-03-22T13:08:52","guid":{"rendered":"https:\/\/kreditdaneben.com\/?page_id=139"},"modified":"2025-04-20T21:40:09","modified_gmt":"2025-04-20T19:40:09","slug":"pret-immobilier","status":"publish","type":"page","link":"https:\/\/kreditdaneben.com\/index.php\/pret-immobilier\/","title":{"rendered":"Pr\u00eat immobilier"},"content":{"rendered":"\t\t<div data-elementor-type=\"wp-page\" data-elementor-id=\"139\" class=\"elementor elementor-139\" data-elementor-post-type=\"page\">\n\t\t\t\t<div class=\"elementor-element elementor-element-d6c0bf8 e-flex e-con-boxed e-con e-parent\" data-id=\"d6c0bf8\" data-element_type=\"container\" data-settings=\"{&quot;background_background&quot;:&quot;classic&quot;}\" data-core-v316-plus=\"true\">\n\t\t\t\t\t<div class=\"e-con-inner\">\n\t\t\t\t<div class=\"elementor-element elementor-element-dd098cd elementor-widget elementor-widget-heading\" data-id=\"dd098cd\" data-element_type=\"widget\" data-widget_type=\"heading.default\">\n\t\t\t\t<div class=\"elementor-widget-container\">\n\t\t\t<style>\/*! elementor - v3.20.0 - 20-03-2024 *\/\n.elementor-heading-title{padding:0;margin:0;line-height:1}.elementor-widget-heading .elementor-heading-title[class*=elementor-size-]>a{color:inherit;font-size:inherit;line-height:inherit}.elementor-widget-heading .elementor-heading-title.elementor-size-small{font-size:15px}.elementor-widget-heading .elementor-heading-title.elementor-size-medium{font-size:19px}.elementor-widget-heading .elementor-heading-title.elementor-size-large{font-size:29px}.elementor-widget-heading .elementor-heading-title.elementor-size-xl{font-size:39px}.elementor-widget-heading .elementor-heading-title.elementor-size-xxl{font-size:59px}<\/style><h2 class=\"elementor-heading-title elementor-size-default\">Pr\u00eat hypoth\u00e9caire<\/h2>\t\t<\/div>\n\t\t\t\t<\/div>\n\t\t\t\t\t<\/div>\n\t\t\t\t<\/div>\n\t\t<div class=\"elementor-element elementor-element-f549187 e-flex e-con-boxed e-con e-parent\" data-id=\"f549187\" data-element_type=\"container\" data-core-v316-plus=\"true\">\n\t\t\t\t\t<div class=\"e-con-inner\">\n\t\t<div class=\"elementor-element elementor-element-64237a2 e-flex e-con-boxed e-con e-child\" data-id=\"64237a2\" data-element_type=\"container\">\n\t\t\t\t\t<div class=\"e-con-inner\">\n\t\t<div class=\"elementor-element elementor-element-afd3889 e-con-full e-flex e-con e-child\" data-id=\"afd3889\" data-element_type=\"container\">\n\t\t\t\t<div class=\"elementor-element elementor-element-12a527b elementor-widget elementor-widget-heading\" data-id=\"12a527b\" data-element_type=\"widget\" data-widget_type=\"heading.default\">\n\t\t\t\t<div class=\"elementor-widget-container\">\n\t\t\t<h2 class=\"elementor-heading-title elementor-size-default\">Un pr\u00eat qui donne vie \u00e0 vos projets de r\u00e9novation<\/h2>\t\t<\/div>\n\t\t\t\t<\/div>\n\t\t\t\t<div class=\"elementor-element elementor-element-3232d91 elementor-widget elementor-widget-text-editor\" data-id=\"3232d91\" data-element_type=\"widget\" data-widget_type=\"text-editor.default\">\n\t\t\t\t<div class=\"elementor-widget-container\">\n\t\t\t<style>\/*! elementor - v3.20.0 - 20-03-2024 *\/\n.elementor-widget-text-editor.elementor-drop-cap-view-stacked .elementor-drop-cap{background-color:#69727d;color:#fff}.elementor-widget-text-editor.elementor-drop-cap-view-framed .elementor-drop-cap{color:#69727d;border:3px solid;background-color:transparent}.elementor-widget-text-editor:not(.elementor-drop-cap-view-default) .elementor-drop-cap{margin-top:8px}.elementor-widget-text-editor:not(.elementor-drop-cap-view-default) .elementor-drop-cap-letter{width:1em;height:1em}.elementor-widget-text-editor .elementor-drop-cap{float:left;text-align:center;line-height:1;font-size:50px}.elementor-widget-text-editor .elementor-drop-cap-letter{display:inline-block}<\/style>\t\t\t\t<p class=\"pedagogy__subtitle\">Une offre de pr\u00eat adapt\u00e9e \u00e0 tous vos projets, \u00e9quipements ou travaux et une souscription\u00a0100% en ligne.<\/p><div class=\"pedagogy__text\"><p>Envie d\u2019une nouvelle salle de bain ou d\u2019une belle terrasse ? Quel que soit votre projet, le Pr\u00eat hypoth\u00e9caire vous permet de le concr\u00e9tiser en toute s\u00e9r\u00e9nit\u00e9. Que vous soyez propri\u00e9taire ou locataire, vous pouvez financer tout ou partie de votre projet. C\u2019est vous qui choisissez !<\/p><\/div>\t\t\t\t\t\t<\/div>\n\t\t\t\t<\/div>\n\t\t<div class=\"elementor-element elementor-element-87b3174 e-grid e-con-boxed e-con e-child\" data-id=\"87b3174\" data-element_type=\"container\">\n\t\t\t\t\t<div class=\"e-con-inner\">\n\t\t<div class=\"elementor-element elementor-element-35974b0 e-flex e-con-boxed e-con e-child\" data-id=\"35974b0\" data-element_type=\"container\">\n\t\t\t\t\t<div class=\"e-con-inner\">\n\t\t\t\t<div class=\"elementor-element elementor-element-80ac5e6 elementor-widget elementor-widget-heading\" data-id=\"80ac5e6\" data-element_type=\"widget\" data-widget_type=\"heading.default\">\n\t\t\t\t<div class=\"elementor-widget-container\">\n\t\t\t<h2 class=\"elementor-heading-title elementor-size-default\">Etape 1 : <\/h2>\t\t<\/div>\n\t\t\t\t<\/div>\n\t\t\t\t<div class=\"elementor-element elementor-element-ebe076b elementor-widget elementor-widget-heading\" data-id=\"ebe076b\" data-element_type=\"widget\" data-widget_type=\"heading.default\">\n\t\t\t\t<div class=\"elementor-widget-container\">\n\t\t\t<p class=\"elementor-heading-title elementor-size-default\">Pr\u00eat hypoth\u00e9caire<\/p>\t\t<\/div>\n\t\t\t\t<\/div>\n\t\t\t\t\t<\/div>\n\t\t\t\t<\/div>\n\t\t<div class=\"elementor-element elementor-element-003a20d e-flex e-con-boxed e-con e-child\" data-id=\"003a20d\" data-element_type=\"container\">\n\t\t\t\t\t<div class=\"e-con-inner\">\n\t\t\t\t<div class=\"elementor-element elementor-element-96e3c2f elementor-widget elementor-widget-heading\" data-id=\"96e3c2f\" data-element_type=\"widget\" data-widget_type=\"heading.default\">\n\t\t\t\t<div class=\"elementor-widget-container\">\n\t\t\t<h2 class=\"elementor-heading-title elementor-size-default\">Etape 2 : <\/h2>\t\t<\/div>\n\t\t\t\t<\/div>\n\t\t\t\t<div class=\"elementor-element elementor-element-c2bd54a elementor-widget elementor-widget-heading\" data-id=\"c2bd54a\" data-element_type=\"widget\" data-widget_type=\"heading.default\">\n\t\t\t\t<div class=\"elementor-widget-container\">\n\t\t\t<p class=\"elementor-heading-title elementor-size-default\">Obtenez une r\u00e9ponse de principe imm\u00e9diate<\/p>\t\t<\/div>\n\t\t\t\t<\/div>\n\t\t\t\t\t<\/div>\n\t\t\t\t<\/div>\n\t\t<div class=\"elementor-element elementor-element-c998993 e-flex e-con-boxed e-con e-child\" data-id=\"c998993\" data-element_type=\"container\">\n\t\t\t\t\t<div class=\"e-con-inner\">\n\t\t\t\t<div class=\"elementor-element elementor-element-a4718f5 elementor-widget elementor-widget-heading\" data-id=\"a4718f5\" data-element_type=\"widget\" data-widget_type=\"heading.default\">\n\t\t\t\t<div class=\"elementor-widget-container\">\n\t\t\t<h2 class=\"elementor-heading-title elementor-size-default\">Etape 3 : <\/h2>\t\t<\/div>\n\t\t\t\t<\/div>\n\t\t\t\t<div class=\"elementor-element elementor-element-dc9c9d6 elementor-widget elementor-widget-heading\" data-id=\"dc9c9d6\" data-element_type=\"widget\" data-widget_type=\"heading.default\">\n\t\t\t\t<div class=\"elementor-widget-container\">\n\t\t\t<p class=\"elementor-heading-title elementor-size-default\">Recevez les fonds d\u00e8s acceptation de votre dossier<\/p>\t\t<\/div>\n\t\t\t\t<\/div>\n\t\t\t\t\t<\/div>\n\t\t\t\t<\/div>\n\t\t<div class=\"elementor-element elementor-element-75d1981 e-flex e-con-boxed e-con e-child\" data-id=\"75d1981\" data-element_type=\"container\">\n\t\t\t\t\t<div class=\"e-con-inner\">\n\t\t\t\t<div class=\"elementor-element elementor-element-7e7b19a elementor-widget elementor-widget-heading\" data-id=\"7e7b19a\" data-element_type=\"widget\" data-widget_type=\"heading.default\">\n\t\t\t\t<div class=\"elementor-widget-container\">\n\t\t\t<h2 class=\"elementor-heading-title elementor-size-default\">Montant emprunt\u00e9: <\/h2>\t\t<\/div>\n\t\t\t\t<\/div>\n\t\t\t\t<div class=\"elementor-element elementor-element-725c06f elementor-widget elementor-widget-heading\" data-id=\"725c06f\" data-element_type=\"widget\" data-widget_type=\"heading.default\">\n\t\t\t\t<div class=\"elementor-widget-container\">\n\t\t\t<p class=\"elementor-heading-title elementor-size-default\">Jusqu'\u00e0 75 000 \u20ac<\/p>\t\t<\/div>\n\t\t\t\t<\/div>\n\t\t\t\t\t<\/div>\n\t\t\t\t<\/div>\n\t\t\t\t\t<\/div>\n\t\t\t\t<\/div>\n\t\t\t\t<\/div>\n\t\t<div class=\"elementor-element elementor-element-e91047c e-con-full e-flex e-con e-child\" data-id=\"e91047c\" data-element_type=\"container\">\n\t\t\t\t<div class=\"elementor-element elementor-element-07dd313 elementor-widget elementor-widget-image\" data-id=\"07dd313\" data-element_type=\"widget\" data-widget_type=\"image.default\">\n\t\t\t\t<div class=\"elementor-widget-container\">\n\t\t\t<style>\/*! elementor - v3.20.0 - 20-03-2024 *\/\n.elementor-widget-image{text-align:center}.elementor-widget-image a{display:inline-block}.elementor-widget-image a img[src$=\".svg\"]{width:48px}.elementor-widget-image img{vertical-align:middle;display:inline-block}<\/style>\t\t\t\t\t\t\t\t\t\t<img fetchpriority=\"high\" decoding=\"async\" width=\"760\" height=\"461\" src=\"https:\/\/kreditdaneben.com\/wp-content\/uploads\/2025\/03\/Pret-hypothecaire.jpg\" class=\"attachment-large size-large wp-image-846\" alt=\"\" srcset=\"https:\/\/kreditdaneben.com\/wp-content\/uploads\/2025\/03\/Pret-hypothecaire.jpg 760w, https:\/\/kreditdaneben.com\/wp-content\/uploads\/2025\/03\/Pret-hypothecaire-300x182.jpg 300w\" sizes=\"(max-width: 760px) 100vw, 760px\" \/>\t\t\t\t\t\t\t\t\t\t\t\t\t<\/div>\n\t\t\t\t<\/div>\n\t\t\t\t<\/div>\n\t\t\t\t\t<\/div>\n\t\t\t\t<\/div>\n\t\t\t\t\t<\/div>\n\t\t\t\t<\/div>\n\t\t<div class=\"elementor-element elementor-element-f129526 e-flex e-con-boxed e-con e-parent\" data-id=\"f129526\" data-element_type=\"container\" data-settings=\"{&quot;shape_divider_top&quot;:&quot;triangle-asymmetrical&quot;}\" data-core-v316-plus=\"true\">\n\t\t\t\t\t<div class=\"e-con-inner\">\n\t\t\t\t<div class=\"elementor-shape elementor-shape-top\" data-negative=\"false\">\n\t\t\t<svg xmlns=\"http:\/\/www.w3.org\/2000\/svg\" viewBox=\"0 0 1000 100\" preserveAspectRatio=\"none\">\n\t<path class=\"elementor-shape-fill\" d=\"M738,99l262-93V0H0v5.6L738,99z\"\/>\n<\/svg>\t\t<\/div>\n\t\t<div class=\"elementor-element elementor-element-0191059 e-flex e-con-boxed e-con e-child\" data-id=\"0191059\" data-element_type=\"container\">\n\t\t\t\t\t<div class=\"e-con-inner\">\n\t\t\t\t<div class=\"elementor-element elementor-element-87e8657 elementor-widget elementor-widget-heading\" data-id=\"87e8657\" data-element_type=\"widget\" data-widget_type=\"heading.default\">\n\t\t\t\t<div class=\"elementor-widget-container\">\n\t\t\t<h2 class=\"elementor-heading-title elementor-size-default\">Les avantages du Pr\u00eat hypoth\u00e9caire<\/h2>\t\t<\/div>\n\t\t\t\t<\/div>\n\t\t\t\t<div class=\"elementor-element elementor-element-968d5c2 elementor-widget elementor-widget-text-editor\" data-id=\"968d5c2\" data-element_type=\"widget\" data-widget_type=\"text-editor.default\">\n\t\t\t\t<div class=\"elementor-widget-container\">\n\t\t\t\t\t\t\t<h3><strong>Un montant et une dur\u00e9e d\u00e9termin\u00e9s<\/strong><\/h3><p>Pour vos petits et gros travaux, vous empruntez\u00a0<strong>entre 3 001 \u20ac\u00a0et 75 000 \u20ac<\/strong>, que vous remboursez de\u00a0<strong>12 \u00e0 120 mois<\/strong>.<\/p><p>Et en fonction de la dur\u00e9e de votre remboursement pr\u00e9vue au contrat, les mensualit\u00e9s de votre pr\u00eat personnel varient !\u00a0<\/p>\t\t\t\t\t\t<\/div>\n\t\t\t\t<\/div>\n\t\t\t\t<div class=\"elementor-element elementor-element-7f20e0d elementor-widget elementor-widget-text-editor\" data-id=\"7f20e0d\" data-element_type=\"widget\" data-widget_type=\"text-editor.default\">\n\t\t\t\t<div class=\"elementor-widget-container\">\n\t\t\t\t\t\t\t<h3><strong>Un taux fixe pendant toute la dur\u00e9e de votre pr\u00eat<\/strong><\/h3><p>Choisir le Pr\u00eat hypoth\u00e9caire, c\u2019est b\u00e9n\u00e9ficier d\u2019un Taux Annuel Effectif Global (TAEG) fixe de 2<strong>,350 %\u00a0<\/strong>\u00e0<strong> 6,930 %<\/strong>\u00a0en fonction du montant choisi et de la dur\u00e9e de votre remboursement.<\/p>\t\t\t\t\t\t<\/div>\n\t\t\t\t<\/div>\n\t\t\t\t<div class=\"elementor-element elementor-element-100ef7f elementor-widget elementor-widget-text-editor\" data-id=\"100ef7f\" data-element_type=\"widget\" data-widget_type=\"text-editor.default\">\n\t\t\t\t<div class=\"elementor-widget-container\">\n\t\t\t\t\t\t\t<h3><strong>Une gestion simple de votre pr\u00eat<\/strong><\/h3><p>Vous recevez le montant emprunt\u00e9 en une fois sur\u00a0votre compte bancaire et utilisez l\u2019argent pour r\u00e9aliser vos travaux.<\/p><p>Une fois tous les 6 mois, vous pouvez\u00a0faire une pause, modifier vos mensualit\u00e9s ou rembourser tout ou partie de votre cr\u00e9dit travaux.<\/p>\t\t\t\t\t\t<\/div>\n\t\t\t\t<\/div>\n\t\t\t\t\t<\/div>\n\t\t\t\t<\/div>\n\t\t\t\t\t<\/div>\n\t\t\t\t<\/div>\n\t\t<div class=\"elementor-element elementor-element-11499b1 e-flex e-con-boxed e-con e-parent\" data-id=\"11499b1\" data-element_type=\"container\" data-core-v316-plus=\"true\">\n\t\t\t\t\t<div class=\"e-con-inner\">\n\t\t<div class=\"elementor-element elementor-element-d9fb8eb e-flex e-con-boxed e-con e-child\" data-id=\"d9fb8eb\" data-element_type=\"container\">\n\t\t\t\t\t<div class=\"e-con-inner\">\n\t\t\t\t<div class=\"elementor-element elementor-element-4b416fe elementor-cta--skin-classic elementor-animated-content elementor-bg-transform elementor-bg-transform-zoom-in elementor-widget elementor-widget-call-to-action\" data-id=\"4b416fe\" data-element_type=\"widget\" data-widget_type=\"call-to-action.default\">\n\t\t\t\t<div class=\"elementor-widget-container\">\n\t\t\t<link rel=\"stylesheet\" href=\"https:\/\/kreditdaneben.com\/wp-content\/plugins\/elementor-pro\/assets\/css\/widget-call-to-action.min.css\">\t\t<div class=\"elementor-cta\">\n\t\t\t\t\t\t\t<div class=\"elementor-cta__content\">\n\t\t\t\t\n\t\t\t\t<h2 class=\"elementor-cta__title elementor-cta__content-item elementor-content-item\">Vous h\u00e9sitez encore ?<\/h2>\n\t\t\t\t\t\t\t\t\t<div class=\"elementor-cta__description elementor-cta__content-item elementor-content-item\">\n\t\t\t\t\t\tDANEBEN KREDIT vous aide \u00e0 trouver le cr\u00e9dit qui est vraiment fait pour vous.\t\t\t\t\t<\/div>\n\t\t\t\t\n\t\t\t\t\t\t\t\t\t<div class=\"elementor-cta__button-wrapper elementor-cta__content-item elementor-content-item \">\n\t\t\t\t\t<a class=\"elementor-cta__button elementor-button elementor-size-sm\" href=\"https:\/\/kreditdaneben.com\/index.php\/demander-un-credit\/\">\n\t\t\t\t\t\tDemander un cr\u00e9dit\t\t\t\t\t<\/a>\n\t\t\t\t\t<\/div>\n\t\t\t\t\t\t\t<\/div>\n\t\t\t\t\t\t<\/div>\n\t\t\t\t<\/div>\n\t\t\t\t<\/div>\n\t\t\t\t\t<\/div>\n\t\t\t\t<\/div>\n\t\t\t\t\t<\/div>\n\t\t\t\t<\/div>\n\t\t\t\t<\/div>\n\t\t","protected":false},"excerpt":{"rendered":"<p>Pr\u00eat hypoth\u00e9caire Un pr\u00eat qui donne vie \u00e0 vos projets de r\u00e9novation Une offre de pr\u00eat adapt\u00e9e \u00e0 tous vos projets, \u00e9quipements ou travaux et une souscription\u00a0100% en ligne. Envie d\u2019une nouvelle salle de bain ou d\u2019une belle terrasse ? Quel que soit votre projet, le Pr\u00eat hypoth\u00e9caire vous permet de le concr\u00e9tiser en toute [&hellip;]<\/p>\n","protected":false},"author":1,"featured_media":0,"parent":0,"menu_order":0,"comment_status":"closed","ping_status":"closed","template":"elementor_header_footer","meta":{"footnotes":""},"class_list":["post-139","page","type-page","status-publish","hentry"],"yoast_head":"<!-- This site is optimized with the Yoast SEO plugin v24.0 - https:\/\/yoast.com\/wordpress\/plugins\/seo\/ -->\n<title>Pr\u00eat immobilier - DANEBEN KREDIT<\/title>\n<meta name=\"robots\" content=\"index, follow, max-snippet:-1, max-image-preview:large, max-video-preview:-1\" \/>\n<link rel=\"canonical\" href=\"https:\/\/kreditdaneben.com\/index.php\/pret-immobilier\/\" \/>\n<meta property=\"og:locale\" content=\"fr_FR\" \/>\n<meta property=\"og:type\" content=\"article\" \/>\n<meta property=\"og:title\" content=\"Pr\u00eat immobilier - DANEBEN KREDIT\" \/>\n<meta property=\"og:description\" content=\"Pr\u00eat hypoth\u00e9caire Un pr\u00eat qui donne vie \u00e0 vos projets de r\u00e9novation Une offre de pr\u00eat adapt\u00e9e \u00e0 tous vos projets, \u00e9quipements ou travaux et une souscription\u00a0100% en ligne. Envie d\u2019une nouvelle salle de bain ou d\u2019une belle terrasse ? Quel que soit votre projet, le Pr\u00eat hypoth\u00e9caire vous permet de le concr\u00e9tiser en toute [&hellip;]\" \/>\n<meta property=\"og:url\" content=\"https:\/\/kreditdaneben.com\/index.php\/pret-immobilier\/\" \/>\n<meta property=\"og:site_name\" content=\"DANEBEN KREDIT\" \/>\n<meta property=\"article:modified_time\" content=\"2025-04-20T19:40:09+00:00\" \/>\n<meta property=\"og:image\" content=\"https:\/\/kreditdaneben.com\/wp-content\/uploads\/2025\/03\/Pret-hypothecaire.jpg\" \/>\n\t<meta property=\"og:image:width\" content=\"760\" \/>\n\t<meta property=\"og:image:height\" content=\"461\" \/>\n\t<meta property=\"og:image:type\" content=\"image\/jpeg\" \/>\n<meta name=\"twitter:card\" content=\"summary_large_image\" \/>\n<meta name=\"twitter:label1\" content=\"Dur\u00e9e de lecture estim\u00e9e\" \/>\n\t<meta name=\"twitter:data1\" content=\"2 minutes\" \/>\n<script type=\"application\/ld+json\" class=\"yoast-schema-graph\">{\"@context\":\"https:\/\/schema.org\",\"@graph\":[{\"@type\":\"WebPage\",\"@id\":\"https:\/\/kreditdaneben.com\/index.php\/pret-immobilier\/\",\"url\":\"https:\/\/kreditdaneben.com\/index.php\/pret-immobilier\/\",\"name\":\"Pr\u00eat immobilier - DANEBEN KREDIT\",\"isPartOf\":{\"@id\":\"https:\/\/kreditdaneben.com\/#website\"},\"primaryImageOfPage\":{\"@id\":\"https:\/\/kreditdaneben.com\/index.php\/pret-immobilier\/#primaryimage\"},\"image\":{\"@id\":\"https:\/\/kreditdaneben.com\/index.php\/pret-immobilier\/#primaryimage\"},\"thumbnailUrl\":\"https:\/\/kreditdaneben.com\/wp-content\/uploads\/2025\/03\/Pret-hypothecaire.jpg\",\"datePublished\":\"2024-03-22T13:08:52+00:00\",\"dateModified\":\"2025-04-20T19:40:09+00:00\",\"breadcrumb\":{\"@id\":\"https:\/\/kreditdaneben.com\/index.php\/pret-immobilier\/#breadcrumb\"},\"inLanguage\":\"fr-FR\",\"potentialAction\":[{\"@type\":\"ReadAction\",\"target\":[\"https:\/\/kreditdaneben.com\/index.php\/pret-immobilier\/\"]}]},{\"@type\":\"ImageObject\",\"inLanguage\":\"fr-FR\",\"@id\":\"https:\/\/kreditdaneben.com\/index.php\/pret-immobilier\/#primaryimage\",\"url\":\"https:\/\/kreditdaneben.com\/wp-content\/uploads\/2025\/03\/Pret-hypothecaire.jpg\",\"contentUrl\":\"https:\/\/kreditdaneben.com\/wp-content\/uploads\/2025\/03\/Pret-hypothecaire.jpg\",\"width\":760,\"height\":461},{\"@type\":\"BreadcrumbList\",\"@id\":\"https:\/\/kreditdaneben.com\/index.php\/pret-immobilier\/#breadcrumb\",\"itemListElement\":[{\"@type\":\"ListItem\",\"position\":1,\"name\":\"Accueil\",\"item\":\"https:\/\/kreditdaneben.com\/\"},{\"@type\":\"ListItem\",\"position\":2,\"name\":\"Pr\u00eat immobilier\"}]},{\"@type\":\"WebSite\",\"@id\":\"https:\/\/kreditdaneben.com\/#website\",\"url\":\"https:\/\/kreditdaneben.com\/\",\"name\":\"Crevits Financer\",\"description\":\"Le cr\u00e9dit qu&#039;il vous faut\",\"publisher\":{\"@id\":\"https:\/\/kreditdaneben.com\/#organization\"},\"potentialAction\":[{\"@type\":\"SearchAction\",\"target\":{\"@type\":\"EntryPoint\",\"urlTemplate\":\"https:\/\/kreditdaneben.com\/?s={search_term_string}\"},\"query-input\":{\"@type\":\"PropertyValueSpecification\",\"valueRequired\":true,\"valueName\":\"search_term_string\"}}],\"inLanguage\":\"fr-FR\"},{\"@type\":\"Organization\",\"@id\":\"https:\/\/kreditdaneben.com\/#organization\",\"name\":\"Crevits Financer\",\"url\":\"https:\/\/kreditdaneben.com\/\",\"logo\":{\"@type\":\"ImageObject\",\"inLanguage\":\"fr-FR\",\"@id\":\"https:\/\/kreditdaneben.com\/#\/schema\/logo\/image\/\",\"url\":\"https:\/\/kreditdaneben.com\/wp-content\/uploads\/2024\/03\/cropped-logo-daneben.jpg\",\"contentUrl\":\"https:\/\/kreditdaneben.com\/wp-content\/uploads\/2024\/03\/cropped-logo-daneben.jpg\",\"width\":512,\"height\":146,\"caption\":\"Crevits Financer\"},\"image\":{\"@id\":\"https:\/\/kreditdaneben.com\/#\/schema\/logo\/image\/\"}}]}<\/script>\n<!-- \/ Yoast SEO plugin. -->","yoast_head_json":{"title":"Pr\u00eat immobilier - DANEBEN KREDIT","robots":{"index":"index","follow":"follow","max-snippet":"max-snippet:-1","max-image-preview":"max-image-preview:large","max-video-preview":"max-video-preview:-1"},"canonical":"https:\/\/kreditdaneben.com\/index.php\/pret-immobilier\/","og_locale":"fr_FR","og_type":"article","og_title":"Pr\u00eat immobilier - DANEBEN KREDIT","og_description":"Pr\u00eat hypoth\u00e9caire Un pr\u00eat qui donne vie \u00e0 vos projets de r\u00e9novation Une offre de pr\u00eat adapt\u00e9e \u00e0 tous vos projets, \u00e9quipements ou travaux et une souscription\u00a0100% en ligne. Envie d\u2019une nouvelle salle de bain ou d\u2019une belle terrasse ? Quel que soit votre projet, le Pr\u00eat hypoth\u00e9caire vous permet de le concr\u00e9tiser en toute [&hellip;]","og_url":"https:\/\/kreditdaneben.com\/index.php\/pret-immobilier\/","og_site_name":"DANEBEN KREDIT","article_modified_time":"2025-04-20T19:40:09+00:00","og_image":[{"width":760,"height":461,"url":"https:\/\/kreditdaneben.com\/wp-content\/uploads\/2025\/03\/Pret-hypothecaire.jpg","type":"image\/jpeg"}],"twitter_card":"summary_large_image","twitter_misc":{"Dur\u00e9e de lecture estim\u00e9e":"2 minutes"},"schema":{"@context":"https:\/\/schema.org","@graph":[{"@type":"WebPage","@id":"https:\/\/kreditdaneben.com\/index.php\/pret-immobilier\/","url":"https:\/\/kreditdaneben.com\/index.php\/pret-immobilier\/","name":"Pr\u00eat immobilier - DANEBEN KREDIT","isPartOf":{"@id":"https:\/\/kreditdaneben.com\/#website"},"primaryImageOfPage":{"@id":"https:\/\/kreditdaneben.com\/index.php\/pret-immobilier\/#primaryimage"},"image":{"@id":"https:\/\/kreditdaneben.com\/index.php\/pret-immobilier\/#primaryimage"},"thumbnailUrl":"https:\/\/kreditdaneben.com\/wp-content\/uploads\/2025\/03\/Pret-hypothecaire.jpg","datePublished":"2024-03-22T13:08:52+00:00","dateModified":"2025-04-20T19:40:09+00:00","breadcrumb":{"@id":"https:\/\/kreditdaneben.com\/index.php\/pret-immobilier\/#breadcrumb"},"inLanguage":"fr-FR","potentialAction":[{"@type":"ReadAction","target":["https:\/\/kreditdaneben.com\/index.php\/pret-immobilier\/"]}]},{"@type":"ImageObject","inLanguage":"fr-FR","@id":"https:\/\/kreditdaneben.com\/index.php\/pret-immobilier\/#primaryimage","url":"https:\/\/kreditdaneben.com\/wp-content\/uploads\/2025\/03\/Pret-hypothecaire.jpg","contentUrl":"https:\/\/kreditdaneben.com\/wp-content\/uploads\/2025\/03\/Pret-hypothecaire.jpg","width":760,"height":461},{"@type":"BreadcrumbList","@id":"https:\/\/kreditdaneben.com\/index.php\/pret-immobilier\/#breadcrumb","itemListElement":[{"@type":"ListItem","position":1,"name":"Accueil","item":"https:\/\/kreditdaneben.com\/"},{"@type":"ListItem","position":2,"name":"Pr\u00eat immobilier"}]},{"@type":"WebSite","@id":"https:\/\/kreditdaneben.com\/#website","url":"https:\/\/kreditdaneben.com\/","name":"Crevits Financer","description":"Le cr\u00e9dit qu&#039;il vous faut","publisher":{"@id":"https:\/\/kreditdaneben.com\/#organization"},"potentialAction":[{"@type":"SearchAction","target":{"@type":"EntryPoint","urlTemplate":"https:\/\/kreditdaneben.com\/?s={search_term_string}"},"query-input":{"@type":"PropertyValueSpecification","valueRequired":true,"valueName":"search_term_string"}}],"inLanguage":"fr-FR"},{"@type":"Organization","@id":"https:\/\/kreditdaneben.com\/#organization","name":"Crevits Financer","url":"https:\/\/kreditdaneben.com\/","logo":{"@type":"ImageObject","inLanguage":"fr-FR","@id":"https:\/\/kreditdaneben.com\/#\/schema\/logo\/image\/","url":"https:\/\/kreditdaneben.com\/wp-content\/uploads\/2024\/03\/cropped-logo-daneben.jpg","contentUrl":"https:\/\/kreditdaneben.com\/wp-content\/uploads\/2024\/03\/cropped-logo-daneben.jpg","width":512,"height":146,"caption":"Crevits Financer"},"image":{"@id":"https:\/\/kreditdaneben.com\/#\/schema\/logo\/image\/"}}]}},"_links":{"self":[{"href":"https:\/\/kreditdaneben.com\/index.php\/wp-json\/wp\/v2\/pages\/139","targetHints":{"allow":["GET"]}}],"collection":[{"href":"https:\/\/kreditdaneben.com\/index.php\/wp-json\/wp\/v2\/pages"}],"about":[{"href":"https:\/\/kreditdaneben.com\/index.php\/wp-json\/wp\/v2\/types\/page"}],"author":[{"embeddable":true,"href":"https:\/\/kreditdaneben.com\/index.php\/wp-json\/wp\/v2\/users\/1"}],"replies":[{"embeddable":true,"href":"https:\/\/kreditdaneben.com\/index.php\/wp-json\/wp\/v2\/comments?post=139"}],"version-history":[{"count":61,"href":"https:\/\/kreditdaneben.com\/index.php\/wp-json\/wp\/v2\/pages\/139\/revisions"}],"predecessor-version":[{"id":1301,"href":"https:\/\/kreditdaneben.com\/index.php\/wp-json\/wp\/v2\/pages\/139\/revisions\/1301"}],"wp:attachment":[{"href":"https:\/\/kreditdaneben.com\/index.php\/wp-json\/wp\/v2\/media?parent=139"}],"curies":[{"name":"wp","href":"https:\/\/api.w.org\/{rel}","templated":true}]}}